{"id":2164,"date":"2020-07-20T03:30:40","date_gmt":"2020-07-20T03:30:40","guid":{"rendered":"https:\/\/smartdata.tonytemplates.com\/electrician-v2demo3\/?page_id=2164"},"modified":"2026-02-02T17:09:52","modified_gmt":"2026-02-02T17:09:52","slug":"hakkimizda","status":"publish","type":"page","link":"https:\/\/tuncerelektrik.com\/en\/hakkimizda\/","title":{"rendered":"Hakk\u0131m\u0131zda"},"content":{"rendered":"<div data-elementor-type=\"wp-page\" data-elementor-id=\"2164\" class=\"elementor elementor-2164\">\n\t\t\t\t\t\t<section class=\"elementor-section elementor-top-section elementor-element elementor-element-b23d443 elementor-section-stretched elementor-section-full_width elementor-section-height-default elementor-section-height-default\" data-id=\"b23d443\" data-element_type=\"section\" data-settings=\"{&quot;stretch_section&quot;:&quot;section-stretched&quot;}\">\n\t\t\t\t\t\t<div class=\"elementor-container elementor-column-gap-no\">\n\t\t\t\t\t<div class=\"elementor-column elementor-col-100 elementor-top-column elementor-element elementor-element-1c1bab9\" data-id=\"1c1bab9\" data-element_type=\"column\">\n\t\t\t<div class=\"elementor-widget-wrap elementor-element-populated\">\n\t\t\t\t\t\t<div class=\"elementor-element elementor-element-9c21e86 elementor-widget elementor-widget-electrician_about_two\" data-id=\"9c21e86\" data-element_type=\"widget\" data-widget_type=\"electrician_about_two.default\">\n\t\t\t\t<div class=\"elementor-widget-container\">\n\t\t\t\t\t \r\n\t\t\t\t<div class=\"section-indent\">\r\n\t\t<div class=\"container container-lg-fluid\">\r\n\t\t\t<div class=\"layout01 layout01__revers layout01__small-layout layout01__img-more\">\r\n\t\t\t\t<div class=\"layout01__bg-marker\"><img decoding=\"async\" width=\"125\" height=\"125\" src=\"https:\/\/tuncerelektrik.com\/wp-content\/uploads\/2020\/07\/bg_marker02.png\" class=\"attachment-full size-full\" alt=\"Taahh\u00fct\" srcset=\"https:\/\/tuncerelektrik.com\/wp-content\/uploads\/2020\/07\/bg_marker02.png 125w, https:\/\/tuncerelektrik.com\/wp-content\/uploads\/2020\/07\/bg_marker02-100x100.png 100w\" sizes=\"(max-width: 125px) 100vw, 125px\" title=\"Taahh\u00fct\"><\/div>\r\n\t\t\t\t<div class=\"layout01__img\">\r\n\t\t\t\t\t<div class=\"tt-img-main\">\r\n\t\t\t<img fetchpriority=\"high\" decoding=\"async\" width=\"728\" height=\"408\" src=\"https:\/\/tuncerelektrik.com\/wp-content\/uploads\/2025\/05\/construction-site-planning-stockcake.jpg\" class=\"attachment-full size-full\" alt=\"Taahh\u00fct\" srcset=\"https:\/\/tuncerelektrik.com\/wp-content\/uploads\/2025\/05\/construction-site-planning-stockcake.jpg 728w, https:\/\/tuncerelektrik.com\/wp-content\/uploads\/2025\/05\/construction-site-planning-stockcake-300x168.jpg 300w, https:\/\/tuncerelektrik.com\/wp-content\/uploads\/2025\/05\/construction-site-planning-stockcake-600x336.jpg 600w\" sizes=\"(max-width: 728px) 100vw, 728px\" title=\"Taahh\u00fct\">\t\t\t\t\t<\/div>\r\n\t\t\t\t\t<div class=\"tt-img-more left-bottom\">\r\n\t\t\t<img decoding=\"async\" width=\"1067\" height=\"400\" src=\"https:\/\/tuncerelektrik.com\/wp-content\/uploads\/2025\/05\/close-up-hand-of-an-electrical-engineer-checking-in-control-panel-or-automation-box-concept-of-electricity-maintenance-service-created-by-generative-ai-technology-photo.jpg\" class=\"attachment-full size-full\" alt=\"Taahh\u00fct\" srcset=\"https:\/\/tuncerelektrik.com\/wp-content\/uploads\/2025\/05\/close-up-hand-of-an-electrical-engineer-checking-in-control-panel-or-automation-box-concept-of-electricity-maintenance-service-created-by-generative-ai-technology-photo.jpg 1067w, https:\/\/tuncerelektrik.com\/wp-content\/uploads\/2025\/05\/close-up-hand-of-an-electrical-engineer-checking-in-control-panel-or-automation-box-concept-of-electricity-maintenance-service-created-by-generative-ai-technology-photo-600x225.jpg 600w, https:\/\/tuncerelektrik.com\/wp-content\/uploads\/2025\/05\/close-up-hand-of-an-electrical-engineer-checking-in-control-panel-or-automation-box-concept-of-electricity-maintenance-service-created-by-generative-ai-technology-photo-300x112.jpg 300w, https:\/\/tuncerelektrik.com\/wp-content\/uploads\/2025\/05\/close-up-hand-of-an-electrical-engineer-checking-in-control-panel-or-automation-box-concept-of-electricity-maintenance-service-created-by-generative-ai-technology-photo-1024x384.jpg 1024w, https:\/\/tuncerelektrik.com\/wp-content\/uploads\/2025\/05\/close-up-hand-of-an-electrical-engineer-checking-in-control-panel-or-automation-box-concept-of-electricity-maintenance-service-created-by-generative-ai-technology-photo-768x288.jpg 768w, https:\/\/tuncerelektrik.com\/wp-content\/uploads\/2025\/05\/close-up-hand-of-an-electrical-engineer-checking-in-control-panel-or-automation-box-concept-of-electricity-maintenance-service-created-by-generative-ai-technology-photo-847x318.jpg 847w\" sizes=\"(max-width: 1067px) 100vw, 1067px\" title=\"Taahh\u00fct\">\t\t\t\t\t<\/div>\r\n\t\t\t\t<\/div>\r\n\t\t\t\t<div class=\"layout01__content\">\r\n\t\t\t\t\t<div class=\"layout01__content-wrapper\">\r\n\t\t\t\t\t\t<div class=\"section-title text-left\">\r\n\t\t\t\t\t\t\t<div class=\"section-title__01\">38 Y\u0131l\u0131 A\u015fan Deneyimle G\u00fc\u00e7 Veriyoruz<\/div>\r\n\t\t\t\t\t\t\t<div class=\"section-title__02\">Elektrik projelerinde kalite, g\u00fcven ve s\u00fcrd\u00fcr\u00fclebilir \u00e7\u00f6z\u00fcmler<\/div>\r\n\t\t\t\t\t\t<\/div>\r\n\t\t\t\t\t\t<p>\r\n\t\t\tTuncer Elektrik M\u00fchendislik, 1987 y\u0131l\u0131nda kurulmu\u015f olup, 38 y\u0131l\u0131 a\u015fk\u0131n s\u00fcredir elektrik m\u00fchendisli\u011fi alan\u0131nda faaliyet g\u00f6steren k\u00f6kl\u00fc ve g\u00fcvenilir bir firmad\u0131r. Kurulu\u015fumuzdan bu yana teknolojiyi yak\u0131ndan takip ederek, m\u00fchendislik disiplinine dayal\u0131 \u00e7\u00f6z\u00fcmler sunmay\u0131 ilke edindik. Geli\u015fen sekt\u00f6r dinamiklerine uyum sa\u011flayarak, hem klasik hem de modern elektrik projelerinde say\u0131s\u0131z ba\u015far\u0131l\u0131 i\u015fe imza att\u0131k.\t\t\t\t\t\t<\/p>\r\n\t\t\t\t\t\t<p>\r\n\t\t\tElektrik sistemlerinin planlanmas\u0131, projelendirilmesi ve uygulanmas\u0131 s\u00fcre\u00e7lerinde; konut, ofis ve sanayi alanlar\u0131nda hizmet veriyoruz. Her proje, bizim i\u00e7in sadece bir i\u015f de\u011fil, bir sorumluluktur. Bu sorumlulu\u011fu da; g\u00fcvenlikten \u00f6d\u00fcn vermeyen, enerji verimlili\u011fine duyarl\u0131, estetik ve i\u015flevsel \u00e7\u00f6z\u00fcmlerle yerine getiriyoruz.\t\t\t\t\t\t<\/p>\r\n\t\t\t\t\t\t<div class=\"tt-box04-wrapper row\">\r\n\t\t\t\t\t\t\t\t\t\t<div class=\"col-6\">\r\n\t\t\t\t\t\t\t\t<div class=\"tt-box04\">\r\n\t\t\t\t\t\t\t\t\t<div class=\"tt-box04__figure\"><i class=\"icon-1716894\"><\/i><\/div>\r\n\t\t\t\t\t\t\t\t\t<div class=\"tt-box04__content\">\r\n\t\t\t\t\t\t\t\t\t\t<div class=\"tt-title\">3<\/div>\r\n\t\t\t\t\t\t\t\t\t\t<p>\r\n\t\t\t\tElektrik m\u00fchendisleri\t\t\t\t\t\t\t\t\t\t<\/p>\r\n\t\t\t\t\t\t\t\t\t<\/div>\r\n\t\t\t\t\t\t\t\t<\/div>\r\n\t\t\t\t\t\t\t<\/div>\r\n\t\t\t\t\t\t\t\t\t\t<div class=\"col-6\">\r\n\t\t\t\t\t\t\t\t<div class=\"tt-box04\">\r\n\t\t\t\t\t\t\t\t\t<div class=\"tt-box04__figure\"><i class=\"icon-1895474\"><\/i><\/div>\r\n\t\t\t\t\t\t\t\t\t<div class=\"tt-box04__content\">\r\n\t\t\t\t\t\t\t\t\t\t<div class=\"tt-title\">19<\/div>\r\n\t\t\t\t\t\t\t\t\t\t<p>\r\n\t\t\t\tNitelikli ve Sertifikal\u0131 Elektrik\u00e7iler\t\t\t\t\t\t\t\t\t\t<\/p>\r\n\t\t\t\t\t\t\t\t\t<\/div>\r\n\t\t\t\t\t\t\t\t<\/div>\r\n\t\t\t\t\t\t\t<\/div>\r\n\t\t\t\t\t\t\t\t\t<\/div>\r\n\t\t\t\t\t<\/div>\r\n\t\t\t\t<\/div>\r\n\t\t\t<\/div>\r\n\t\t<\/div>\r\n\t<\/div>\r\n\t\t\t\t\t\t\t\t<\/div>\n\t\t\t\t<\/div>\n\t\t\t\t\t<\/div>\n\t\t<\/div>\n\t\t\t\t\t<\/div>\n\t\t<\/section>\n\t\t\t\t<section class=\"elementor-section elementor-top-section elementor-element elementor-element-191c79e elementor-section-stretched elementor-section-full_width elementor-section-height-default elementor-section-height-default\" data-id=\"191c79e\" data-element_type=\"section\" data-settings=\"{&quot;stretch_section&quot;:&quot;section-stretched&quot;}\">\n\t\t\t\t\t\t<div class=\"elementor-container elementor-column-gap-no\">\n\t\t\t\t\t<div class=\"elementor-column elementor-col-100 elementor-top-column elementor-element elementor-element-1b296d1\" data-id=\"1b296d1\" data-element_type=\"column\">\n\t\t\t<div class=\"elementor-widget-wrap elementor-element-populated\">\n\t\t\t\t\t\t<div class=\"elementor-element elementor-element-0ef39a1 elementor-widget elementor-widget-electrician_advantages\" data-id=\"0ef39a1\" data-element_type=\"widget\" data-widget_type=\"electrician_advantages.default\">\n\t\t\t\t<div class=\"elementor-widget-container\">\n\t\t\t\t\t<div class=\"section-indent\">\r\n\t<div class=\"container container-lg-fluid\">\r\n\t\t<div class=\"section-title max-width-01\">\r\n\t\t\t<div class=\"section-title__01\">\u00c7al\u0131\u015fma Prensiplerimiz<\/div>\r\n\t\t\t<div class=\"section-title__02\">Kalite, g\u00fcven ve m\u00fchendislik odakl\u0131 yakla\u015f\u0131m<\/div>\r\n\t\t\t<div class=\"section-title__03\">\r\n\t\t\t\tBug\u00fcne kadar tamamlad\u0131\u011f\u0131m\u0131z y\u00fczlerce projede edindi\u011fimiz tecr\u00fcbeyle, yeni i\u015f birliklerine de\u011fer katmaya devam ediyoruz. Tuncer Elektrik M\u00fchendislik olarak, ge\u00e7mi\u015fimizden ald\u0131\u011f\u0131m\u0131z g\u00fc\u00e7le gelece\u011fin enerjisini tasarlamay\u0131 s\u00fcrd\u00fcr\u00fcyoruz.\t\t\t<\/div>\r\n\t\t<\/div>\r\n\t\t<div class=\"row tt-services-promo__list justify-content-center\">\r\n\t\t\t\t\t\t<div class=\"col-sm-6 col-lg-4  tt-item\">\r\n\t\t\t\t<div class=\"tt-services-promo\">\r\n\t\t\t\t\t<div class=\"tt-value tt-value__indent\">1<\/div>\r\n\t\t\t\t\t<div class=\"tt-wrapper\">\r\n\t\t\t\t\t\t<div class=\"tt-col-icon  icon-check\"><\/div>\r\n\t\t\t\t\t\t<div class=\"tt-col-layout\">\r\n\t\t\t\t\t\t\t<div class=\"tt-title\">\r\n\t\t\t\t\t\t\t\tKalite ve G\u00fcven\t\t\t\t\t\t\t<\/div>\r\n\t\t\t\t\t\t\t<p>\r\n\t\t\t\t\t\t\t\tT\u00fcm projelerimizde kaliteli malzeme, do\u011fru m\u00fchendislik ve i\u015f g\u00fcvenli\u011fi \u00f6nceli\u011fimizdir.\n\t\t\t\t\t\t\t<\/p>\r\n\t\t\t\t\t\t<\/div>\r\n\t\t\t\t\t<\/div>\r\n\t\t\t\t\t<div class=\"tt-bg-marker\"><\/div>\r\n\t\t\t\t<\/div>\r\n\t\t\t<\/div>\r\n\t\t\t\t\t\t<div class=\"col-sm-6 col-lg-4  tt-item\">\r\n\t\t\t\t<div class=\"tt-services-promo\">\r\n\t\t\t\t\t<div class=\"tt-value tt-value__indent\">2<\/div>\r\n\t\t\t\t\t<div class=\"tt-wrapper\">\r\n\t\t\t\t\t\t<div class=\"tt-col-icon  icon-technology\"><\/div>\r\n\t\t\t\t\t\t<div class=\"tt-col-layout\">\r\n\t\t\t\t\t\t\t<div class=\"tt-title\">\r\n\t\t\t\t\t\t\t\tM\u00fc\u015fteri Memnuniyeti\t\t\t\t\t\t\t<\/div>\r\n\t\t\t\t\t\t\t<p>\r\n\t\t\t\t\t\t\t\tHer m\u00fc\u015fterimizin ihtiyac\u0131n\u0131 analiz eder, projeye \u00f6zel \u00e7\u00f6z\u00fcmler \u00fcretiriz.\t\t\t\t\t\t\t<\/p>\r\n\t\t\t\t\t\t<\/div>\r\n\t\t\t\t\t<\/div>\r\n\t\t\t\t\t<div class=\"tt-bg-marker\"><\/div>\r\n\t\t\t\t<\/div>\r\n\t\t\t<\/div>\r\n\t\t\t\t\t\t<div class=\"col-sm-6 col-lg-4  tt-item\">\r\n\t\t\t\t<div class=\"tt-services-promo\">\r\n\t\t\t\t\t<div class=\"tt-value tt-value__indent\">3<\/div>\r\n\t\t\t\t\t<div class=\"tt-wrapper\">\r\n\t\t\t\t\t\t<div class=\"tt-col-icon fas fa-recycle\"><\/div>\r\n\t\t\t\t\t\t<div class=\"tt-col-layout\">\r\n\t\t\t\t\t\t\t<div class=\"tt-title\">\r\n\t\t\t\t\t\t\t\tS\u00fcrd\u00fcr\u00fclebilirlik\t\t\t\t\t\t\t<\/div>\r\n\t\t\t\t\t\t\t<p>\r\n\t\t\t\t\t\t\t\tEnerji verimlili\u011fi ve \u00e7evre bilinciyle uzun vadeli \u00e7\u00f6z\u00fcmler sunar\u0131z.\t\t\t\t\t\t\t<\/p>\r\n\t\t\t\t\t\t<\/div>\r\n\t\t\t\t\t<\/div>\r\n\t\t\t\t\t<div class=\"tt-bg-marker\"><\/div>\r\n\t\t\t\t<\/div>\r\n\t\t\t<\/div>\r\n\t\t\t\r\n\t\t<\/div>\r\n\t<\/div>\r\n<\/div>\r\n\t\t\t\t\t\t<\/div>\n\t\t\t\t<\/div>\n\t\t\t\t<div class=\"elementor-element elementor-element-8062343 elementor-widget elementor-widget-electrician_why_us\" data-id=\"8062343\" data-element_type=\"widget\" data-widget_type=\"electrician_why_us.default\">\n\t\t\t\t<div class=\"elementor-widget-container\">\n\t\t\t\t\t \r\n<div class=\"section-indent\">\r\n  <div class=\"container container-lg-fluid\">\r\n\t<div class=\"layout01 layout01__revers layout01__single-img\">\r\n\t  <div class=\"layout01__bg-marker\">\r\n\t\t<img decoding=\"async\" width=\"125\" height=\"125\" src=\"https:\/\/tuncerelektrik.com\/wp-content\/uploads\/2020\/07\/bg_marker02.png\" class=\"attachment-full size-full\" alt=\"Taahh\u00fct\" srcset=\"https:\/\/tuncerelektrik.com\/wp-content\/uploads\/2020\/07\/bg_marker02.png 125w, https:\/\/tuncerelektrik.com\/wp-content\/uploads\/2020\/07\/bg_marker02-100x100.png 100w\" sizes=\"(max-width: 125px) 100vw, 125px\" title=\"Taahh\u00fct\">\t<\/div>\r\n\t  <div class=\"layout01__img\">\r\n\t\t<div class=\"tt-img-main\">\r\n\t\t<img loading=\"lazy\" decoding=\"async\" width=\"602\" height=\"531\" src=\"https:\/\/tuncerelektrik.com\/wp-content\/uploads\/2026\/02\/51d3a7fb-ae3f-4192-97fc-72fded103cf1-md-1.jpeg\" class=\"attachment-full size-full\" alt=\"Taahh\u00fct\" srcset=\"https:\/\/tuncerelektrik.com\/wp-content\/uploads\/2026\/02\/51d3a7fb-ae3f-4192-97fc-72fded103cf1-md-1.jpeg 602w, https:\/\/tuncerelektrik.com\/wp-content\/uploads\/2026\/02\/51d3a7fb-ae3f-4192-97fc-72fded103cf1-md-1-300x265.jpeg 300w, https:\/\/tuncerelektrik.com\/wp-content\/uploads\/2026\/02\/51d3a7fb-ae3f-4192-97fc-72fded103cf1-md-1-14x12.jpeg 14w, https:\/\/tuncerelektrik.com\/wp-content\/uploads\/2026\/02\/51d3a7fb-ae3f-4192-97fc-72fded103cf1-md-1-557x491.jpeg 557w, https:\/\/tuncerelektrik.com\/wp-content\/uploads\/2026\/02\/51d3a7fb-ae3f-4192-97fc-72fded103cf1-md-1-600x529.jpeg 600w\" sizes=\"(max-width: 602px) 100vw, 602px\" title=\"Taahh\u00fct\">\t\t<\/div>\r\n\t  <\/div>\r\n\t  <div class=\"layout01__content\">\r\n\t\t<div class=\"layout01__content-wrapper\">\r\n\t\t  <div class=\"section-title text-left\">\r\n\t\t\t<div class=\"section-title__01\">Uzmanl\u0131k Alanlar\u0131m\u0131z<\/div>\r\n\t\t\t<div class=\"section-title__02\">G\u00fcvenli, verimli ve ak\u0131ll\u0131 sistemler kurmak bizim i\u015fimiz<\/div>\r\n\t\t  <\/div>\r\n\t\t  <ul class=\"tt-list01\">\r\n\t\t\tElektrik altyap\u0131s\u0131n\u0131n yaln\u0131zca \u00e7al\u0131\u015f\u0131yor olmas\u0131 yetmez; ayn\u0131 zamanda g\u00fcvenli, enerji tasarruflu ve gelece\u011fe uyumlu olmas\u0131 gerekir. Tuncer Elektrik M\u00fchendislik olarak, elektrik taahh\u00fct i\u015flerinizde projelerinizin ihtiya\u00e7lar\u0131n\u0131 analiz eder, teknik standartlara uygun, uzun \u00f6m\u00fcrl\u00fc ve ak\u0131ll\u0131 \u00e7\u00f6z\u00fcmler sunar\u0131z. Hem ya\u015fam alanlar\u0131n\u0131zda hem de i\u015f yerlerinizde, modern teknolojileri geleneksel ustal\u0131kla birle\u015ftirerek sizlere konforlu ve sorunsuz bir deneyim sa\u011fl\u0131yoruz.\n\n\t\t  <\/ul>\r\n\t\t<\/div>\r\n\t  <\/div>\r\n\t<\/div>\r\n  <\/div>\r\n<\/div> \r\n\t\t\t\t\t\t<\/div>\n\t\t\t\t<\/div>\n\t\t\t\t\t<\/div>\n\t\t<\/div>\n\t\t\t\t\t<\/div>\n\t\t<\/section>\n\t\t<div class=\"elementor-element elementor-element-c0e0da1 e-grid e-con-boxed e-con e-parent\" data-id=\"c0e0da1\" data-element_type=\"container\">\n\t\t\t\t\t<div class=\"e-con-inner\">\n\t\t\t\t<div class=\"elementor-element elementor-element-64ea01f elementor-widget elementor-widget-text-editor\" data-id=\"64ea01f\" data-element_type=\"widget\" data-widget_type=\"text-editor.default\">\n\t\t\t\t<div class=\"elementor-widget-container\">\n\t\t\t\t\t\t\t\t\t<ul class=\"tt-list01\"><li>Y\u0131llar\u0131n verdi\u011fi tecr\u00fcbe ile g\u00fcvenilir hizmet sunuyoruz.<\/li><li>Projelerinizi zaman\u0131nda ve eksiksiz teslim ediyoruz.<\/li><li>Kaliteli malzeme ve g\u00fcncel teknolojiler kullan\u0131yoruz.<\/li><li>Her \u00f6l\u00e7ekte projeye \u00f6zel, profesyonel \u00e7\u00f6z\u00fcmler \u00fcretiyoruz.<\/li><li>M\u00fc\u015fteri memnuniyetini her zaman \u00f6n planda tutuyoruz.<\/li><li>T\u00fcm i\u015flerimizi ulusal ve uluslararas\u0131 elektrik standartlar\u0131na uygun \u015fekilde ger\u00e7ekle\u015ftiriyoruz.<\/li><\/ul>\t\t\t\t\t\t\t\t<\/div>\n\t\t\t\t<\/div>\n\t\t\t\t\t<\/div>\n\t\t\t\t<\/div>\n\t\t\t\t<\/div>","protected":false},"excerpt":{"rendered":"<p>38 Y\u0131l\u0131 A\u015fan Deneyimle G\u00fc\u00e7 Veriyoruz Elektrik projelerinde kalite, g\u00fcven ve s\u00fcrd\u00fcr\u00fclebilir \u00e7\u00f6z\u00fcmler Tuncer Elektrik M\u00fchendislik, 1987 y\u0131l\u0131nda kurulmu\u015f olup, 38 y\u0131l\u0131 a\u015fk\u0131n s\u00fcredir elektrik m\u00fchendisli\u011fi alan\u0131nda faaliyet g\u00f6steren k\u00f6kl\u00fc ve g\u00fcvenilir bir firmad\u0131r. Kurulu\u015fumuzdan bu yana teknolojiyi yak\u0131ndan takip ederek, m\u00fchendislik disiplinine dayal\u0131 \u00e7\u00f6z\u00fcmler sunmay\u0131 ilke edindik. Geli\u015fen sekt\u00f6r dinamiklerine uyum sa\u011flayarak, hem klasik [&hellip;]<\/p>","protected":false},"author":1,"featured_media":0,"parent":0,"menu_order":0,"comment_status":"closed","ping_status":"closed","template":"","meta":{"footnotes":""},"class_list":["post-2164","page","type-page","status-publish","hentry"],"jetpack_sharing_enabled":true,"_links":{"self":[{"href":"https:\/\/tuncerelektrik.com\/en\/wp-json\/wp\/v2\/pages\/2164","targetHints":{"allow":["GET"]}}],"collection":[{"href":"https:\/\/tuncerelektrik.com\/en\/wp-json\/wp\/v2\/pages"}],"about":[{"href":"https:\/\/tuncerelektrik.com\/en\/wp-json\/wp\/v2\/types\/page"}],"author":[{"embeddable":true,"href":"https:\/\/tuncerelektrik.com\/en\/wp-json\/wp\/v2\/users\/1"}],"replies":[{"embeddable":true,"href":"https:\/\/tuncerelektrik.com\/en\/wp-json\/wp\/v2\/comments?post=2164"}],"version-history":[{"count":0,"href":"https:\/\/tuncerelektrik.com\/en\/wp-json\/wp\/v2\/pages\/2164\/revisions"}],"wp:attachment":[{"href":"https:\/\/tuncerelektrik.com\/en\/wp-json\/wp\/v2\/media?parent=2164"}],"curies":[{"name":"wp","href":"https:\/\/api.w.org\/{rel}","templated":true}]}}