{"id":1522,"date":"2019-12-09T09:21:23","date_gmt":"2019-12-09T09:21:23","guid":{"rendered":"https:\/\/smartdata.tonytemplates.com\/electrician-v2demo3\/?page_id=1522"},"modified":"2026-02-02T17:15:46","modified_gmt":"2026-02-02T17:15:46","slug":"hizmetlerimiz","status":"publish","type":"page","link":"https:\/\/tuncerelektrik.com\/en\/hizmetlerimiz\/","title":{"rendered":"Hizmetlerimiz"},"content":{"rendered":"<div data-elementor-type=\"wp-page\" data-elementor-id=\"1522\" class=\"elementor elementor-1522\">\n\t\t\t\t\t\t<section class=\"elementor-section elementor-top-section elementor-element elementor-element-d8f5763 elementor-section-stretched elementor-section-full_width elementor-section-height-default elementor-section-height-default\" data-id=\"d8f5763\" data-element_type=\"section\" data-settings=\"{&quot;stretch_section&quot;:&quot;section-stretched&quot;}\">\n\t\t\t\t\t\t<div class=\"elementor-container elementor-column-gap-no\">\n\t\t\t\t\t<div class=\"elementor-column elementor-col-100 elementor-top-column elementor-element elementor-element-ccc44fb\" data-id=\"ccc44fb\" data-element_type=\"column\">\n\t\t\t<div class=\"elementor-widget-wrap elementor-element-populated\">\n\t\t\t\t\t\t<div class=\"elementor-element elementor-element-48e93fc elementor-widget elementor-widget-electrician_service_banner\" data-id=\"48e93fc\" data-element_type=\"widget\" data-widget_type=\"electrician_service_banner.default\">\n\t\t\t\t<div class=\"elementor-widget-container\">\n\t\t\t\t\t<div class=\"section-indent\">\r\n  <div class=\"container container-lg-fluid\">\r\n\t<div class=\"layout01 layout01__single-img\">\r\n\t  <div class=\"layout01__bg-marker\">\r\n\t\t<img decoding=\"async\" width=\"125\" height=\"125\" src=\"https:\/\/tuncerelektrik.com\/wp-content\/uploads\/2020\/07\/bg_marker02.png\" class=\"attachment-full size-full\" alt=\"Taahh\u00fct\" srcset=\"https:\/\/tuncerelektrik.com\/wp-content\/uploads\/2020\/07\/bg_marker02.png 125w, https:\/\/tuncerelektrik.com\/wp-content\/uploads\/2020\/07\/bg_marker02-100x100.png 100w\" sizes=\"(max-width: 125px) 100vw, 125px\" title=\"Taahh\u00fct\">\t  <\/div>\r\n\t  <div class=\"layout01__img\">\r\n\t\t<div class=\"tt-img-main\">\r\n\t\t<img fetchpriority=\"high\" decoding=\"async\" width=\"1090\" height=\"611\" src=\"https:\/\/tuncerelektrik.com\/wp-content\/uploads\/2025\/06\/industrial-electrician-background.jpg\" class=\"attachment-full size-full\" alt=\"Taahh\u00fct\" srcset=\"https:\/\/tuncerelektrik.com\/wp-content\/uploads\/2025\/06\/industrial-electrician-background.jpg 1090w, https:\/\/tuncerelektrik.com\/wp-content\/uploads\/2025\/06\/industrial-electrician-background-300x168.jpg 300w, https:\/\/tuncerelektrik.com\/wp-content\/uploads\/2025\/06\/industrial-electrician-background-1024x574.jpg 1024w, https:\/\/tuncerelektrik.com\/wp-content\/uploads\/2025\/06\/industrial-electrician-background-768x431.jpg 768w, https:\/\/tuncerelektrik.com\/wp-content\/uploads\/2025\/06\/industrial-electrician-background-18x10.jpg 18w, https:\/\/tuncerelektrik.com\/wp-content\/uploads\/2025\/06\/industrial-electrician-background-847x475.jpg 847w, https:\/\/tuncerelektrik.com\/wp-content\/uploads\/2025\/06\/industrial-electrician-background-600x336.jpg 600w\" sizes=\"(max-width: 1090px) 100vw, 1090px\" title=\"Taahh\u00fct\">\t\t<\/div>\r\n\t  <\/div>\r\n\t  <div class=\"layout01__content\">\r\n\t\t<div class=\"layout01__content-wrapper\">\r\n\t\t  <div class=\"section-title text-left\">\r\n\t\t\t<div class=\"section-title__01\">G\u00fcvenilir Enerji \u00c7\u00f6z\u00fcmleri<\/div>\r\n\t\t\t<div class=\"section-title__02\">Gelece\u011fin Enerjisi Bug\u00fcnden<\/div>\t\t  <\/div>\r\n\t\t  <p>\r\n\t\t\tTuncer Elektrik M\u00fchendislik olarak, elektrik sekt\u00f6r\u00fcndeki geni\u015f tecr\u00fcbemizle bireysel ve kurumsal m\u00fc\u015fterilerimize kapsaml\u0131 \u00e7\u00f6z\u00fcmler sunuyoruz. Her biri alan\u0131nda uzman ekibimizle, elektrik taahh\u00fct i\u015flerinden t\u00fcm m\u00fchendislik i\u015flerine; g\u00fcvenlikten enerji verimlili\u011fine kadar t\u00fcm s\u00fcre\u00e7leri profesyonelce y\u00f6netiyoruz. M\u00fc\u015fterilerimizin ihtiya\u00e7lar\u0131na \u00f6zel \u00e7\u00f6z\u00fcmler geli\u015ftirerek, projeleri zaman\u0131nda ve eksiksiz tamamlamaya \u00f6zen g\u00f6steriyoruz.\t\t  <\/p>\r\n\t\t  <div class=\"tt-info tt-info__top\">\r\n\t\t\t<div class=\"tt-info__title\"><\/div>\r\n\t\t\t<address>\r\n\t\t\t  <a href=\"tel:\"><i class=\"tt-icon icon-telephone\"><\/i>\t<\/a>\r\n\t\t\t<\/address>\r\n\t\t\t\t\t  <\/div>\r\n\t\t<\/div>\r\n\t  <\/div>\r\n\t<\/div>\r\n  <\/div>\r\n<\/div> \r\n\t\t\t\t\t\t<\/div>\n\t\t\t\t<\/div>\n\t\t\t\t\t<\/div>\n\t\t<\/div>\n\t\t\t\t\t<\/div>\n\t\t<\/section>\n\t\t\t\t<section class=\"elementor-section elementor-top-section elementor-element elementor-element-81d451f elementor-section-full_width elementor-section-stretched elementor-section-height-default elementor-section-height-default\" data-id=\"81d451f\" data-element_type=\"section\" data-settings=\"{&quot;stretch_section&quot;:&quot;section-stretched&quot;}\">\n\t\t\t\t\t\t<div class=\"elementor-container elementor-column-gap-no\">\n\t\t\t\t\t<div class=\"elementor-column elementor-col-100 elementor-top-column elementor-element elementor-element-22bef41\" data-id=\"22bef41\" data-element_type=\"column\">\n\t\t\t<div class=\"elementor-widget-wrap elementor-element-populated\">\n\t\t\t\t\t\t<div class=\"elementor-element elementor-element-364b012 elementor-widget elementor-widget-elec_our_services_page\" data-id=\"364b012\" data-element_type=\"widget\" data-widget_type=\"elec_our_services_page.default\">\n\t\t\t\t<div class=\"elementor-widget-container\">\n\t\t\t\t\t\r\n\t\t\t\t<div class=\"section-indent\">\r\n\t\t<div class=\"container container-md-fluid\">\r\n\t\t\t<div class=\"section-title max-width-01\">\r\n\t\t\t\t<div class=\"section-title__02\">Hizmet Alanlar\u0131m\u0131z <\/div>\r\n\t\t\t\t<p class=\"font24 text-center\">  <\/p>\r\n\t\t\t<\/div>\r\n\t\t\t<div id=\"filter-nav\">\r\n\t\t\t\t\t\t\t<ul>\r\n\t\t\t\t\t<li class=\"active\"><a class=\"gallery-navitem\" href=\"\/en\/filter-all\/\"><\/a><\/li>\r\n\t\t\t\t\t<li><a class=\"gallery-navitem\" href=\"\"><\/a><\/li>\t\t\t\t<\/ul>\r\n\t\t\t<\/div>\r\n\t\t\t<div id=\"filter-layout\" class=\"row justify-content-center tt-obj-wrapper\">\r\n\t\t\t\t\t\t\t<div class=\"col-sm-6 col-md-4 show filter-all\">\r\n\t\t\t\t\t<div class=\"tt-obj\">\r\n\t\t\t\t\t\t<div class=\"tt-obj__img\">\r\n\t\t\t\t\t\t<img decoding=\"async\" width=\"612\" height=\"336\" src=\"https:\/\/tuncerelektrik.com\/wp-content\/uploads\/2025\/05\/istockphoto-1469656864-612x612-1.jpg\" class=\"attachment-full size-full\" alt=\"Taahh\u00fct\" srcset=\"https:\/\/tuncerelektrik.com\/wp-content\/uploads\/2025\/05\/istockphoto-1469656864-612x612-1.jpg 612w, https:\/\/tuncerelektrik.com\/wp-content\/uploads\/2025\/05\/istockphoto-1469656864-612x612-1-600x329.jpg 600w, https:\/\/tuncerelektrik.com\/wp-content\/uploads\/2025\/05\/istockphoto-1469656864-612x612-1-300x165.jpg 300w\" sizes=\"(max-width: 612px) 100vw, 612px\" title=\"Taahh\u00fct\">\t\t\t\t\t\t<\/div>\r\n\t\t\t\t\t\t<div class=\"tt-obj__wrapper\">\r\n\t\t\t\t\t\t\t<div class=\"tt-obj__title\"><a href=\"https:\/\/tuncerelektrik.com\/en\/lectrician_services\/electrical-repairs\/\">Elektrik Tesisat\u0131 ve Montaj\u0131<\/a><\/div>\r\n\t\t\t\t\t\t\t<p>Konut, Ofis ve End\u00fcstriyel Alanlar\u0131na Y\u00f6nelik T\u00fcm Elektrik Altyap\u0131 Kurulumlar\u0131n\u0131, Uluslararas\u0131 Standartlara ve Kaliteye Uygun \u015eekilde Ger\u00e7ekle\u015ftiriyoruz.\n<\/p>\r\n\t\t\t\t\t\t\t\t\t\t\t\t\t<\/div>\r\n\t\t\t\t\t<\/div>\r\n\t\t\t\t<\/div>\r\n\t\t\t\t\t\t\t\t\t<div class=\"col-sm-6 col-md-4 show filter-all\">\r\n\t\t\t\t\t<div class=\"tt-obj\">\r\n\t\t\t\t\t\t<div class=\"tt-obj__img\">\r\n\t\t\t\t\t\t<img loading=\"lazy\" decoding=\"async\" width=\"1024\" height=\"682\" src=\"https:\/\/tuncerelektrik.com\/wp-content\/uploads\/2025\/05\/qvbacadguoy1ytr5qpsv.jpg\" class=\"attachment-full size-full\" alt=\"Taahh\u00fct\" srcset=\"https:\/\/tuncerelektrik.com\/wp-content\/uploads\/2025\/05\/qvbacadguoy1ytr5qpsv.jpg 1024w, https:\/\/tuncerelektrik.com\/wp-content\/uploads\/2025\/05\/qvbacadguoy1ytr5qpsv-600x400.jpg 600w, https:\/\/tuncerelektrik.com\/wp-content\/uploads\/2025\/05\/qvbacadguoy1ytr5qpsv-300x200.jpg 300w, https:\/\/tuncerelektrik.com\/wp-content\/uploads\/2025\/05\/qvbacadguoy1ytr5qpsv-768x512.jpg 768w, https:\/\/tuncerelektrik.com\/wp-content\/uploads\/2025\/05\/qvbacadguoy1ytr5qpsv-737x491.jpg 737w\" sizes=\"(max-width: 1024px) 100vw, 1024px\" title=\"Taahh\u00fct\">\t\t\t\t\t\t<\/div>\r\n\t\t\t\t\t\t<div class=\"tt-obj__wrapper\">\r\n\t\t\t\t\t\t\t<div class=\"tt-obj__title\"><a href=\"https:\/\/tuncerelektrik.com\/en\/lectrician_services\/electrical-repairs\/\">Ayd\u0131nlatma Sistemleri<\/a><\/div>\r\n\t\t\t\t\t\t\t<p>\u0130\u00e7 ve D\u0131\u015f mekanlar \u0130\u00e7in Ayd\u0131nlatma Otomasyonu ile Enerji Tasarruflu, Estetik ve \u0130\u015flevsel Ayd\u0131nlatma \u00c7\u00f6z\u00fcmleri Sunuyoruz.\n<\/p>\r\n\t\t\t\t\t\t\t\t\t\t\t\t\t<\/div>\r\n\t\t\t\t\t<\/div>\r\n\t\t\t\t<\/div>\r\n\t\t\t\t\t\t\t\t\t<div class=\"col-sm-6 col-md-4 show filter-all\">\r\n\t\t\t\t\t<div class=\"tt-obj\">\r\n\t\t\t\t\t\t<div class=\"tt-obj__img\">\r\n\t\t\t\t\t\t<img loading=\"lazy\" decoding=\"async\" width=\"900\" height=\"600\" src=\"https:\/\/tuncerelektrik.com\/wp-content\/uploads\/2025\/06\/Power-system-automation.webp\" class=\"attachment-full size-full\" alt=\"Taahh\u00fct\" srcset=\"https:\/\/tuncerelektrik.com\/wp-content\/uploads\/2025\/06\/Power-system-automation.webp 900w, https:\/\/tuncerelektrik.com\/wp-content\/uploads\/2025\/06\/Power-system-automation-300x200.webp 300w, https:\/\/tuncerelektrik.com\/wp-content\/uploads\/2025\/06\/Power-system-automation-768x512.webp 768w, https:\/\/tuncerelektrik.com\/wp-content\/uploads\/2025\/06\/Power-system-automation-18x12.webp 18w, https:\/\/tuncerelektrik.com\/wp-content\/uploads\/2025\/06\/Power-system-automation-737x491.webp 737w, https:\/\/tuncerelektrik.com\/wp-content\/uploads\/2025\/06\/Power-system-automation-600x400.webp 600w\" sizes=\"(max-width: 900px) 100vw, 900px\" title=\"Taahh\u00fct\">\t\t\t\t\t\t<\/div>\r\n\t\t\t\t\t\t<div class=\"tt-obj__wrapper\">\r\n\t\t\t\t\t\t\t<div class=\"tt-obj__title\"><a href=\"https:\/\/tuncerelektrik.com\/en\/lectrician_services\/electrical-repairs\/\">Elektrik Panolar\u0131 ve Otomasyon Sistemleri<\/a><\/div>\r\n\t\t\t\t\t\t\t<p>Fabrikalar ve T\u00fcm \u0130\u015fletmeler \u0130\u00e7in Elektrik Pano Tasar\u0131m\u0131, Montaj\u0131 ve Otomasyon Sistemleri Kurulumlar\u0131n\u0131 Yap\u0131yoruz.\n<\/p>\r\n\t\t\t\t\t\t\t\t\t\t\t\t\t<\/div>\r\n\t\t\t\t\t<\/div>\r\n\t\t\t\t<\/div>\r\n\t\t\t\t\t\t\t\t\t<div class=\"col-sm-6 col-md-4 show filter-all\">\r\n\t\t\t\t\t<div class=\"tt-obj\">\r\n\t\t\t\t\t\t<div class=\"tt-obj__img\">\r\n\t\t\t\t\t\t<img loading=\"lazy\" decoding=\"async\" width=\"2560\" height=\"1707\" src=\"https:\/\/tuncerelektrik.com\/wp-content\/uploads\/2025\/06\/photovoltaic-panel-engineer-with-energy-measureme-2025-02-03-09-52-55-utc-scaled-1.webp\" class=\"attachment-full size-full\" alt=\"Taahh\u00fct\" srcset=\"https:\/\/tuncerelektrik.com\/wp-content\/uploads\/2025\/06\/photovoltaic-panel-engineer-with-energy-measureme-2025-02-03-09-52-55-utc-scaled-1.webp 2560w, https:\/\/tuncerelektrik.com\/wp-content\/uploads\/2025\/06\/photovoltaic-panel-engineer-with-energy-measureme-2025-02-03-09-52-55-utc-scaled-1-300x200.webp 300w, https:\/\/tuncerelektrik.com\/wp-content\/uploads\/2025\/06\/photovoltaic-panel-engineer-with-energy-measureme-2025-02-03-09-52-55-utc-scaled-1-1024x683.webp 1024w, https:\/\/tuncerelektrik.com\/wp-content\/uploads\/2025\/06\/photovoltaic-panel-engineer-with-energy-measureme-2025-02-03-09-52-55-utc-scaled-1-768x512.webp 768w, https:\/\/tuncerelektrik.com\/wp-content\/uploads\/2025\/06\/photovoltaic-panel-engineer-with-energy-measureme-2025-02-03-09-52-55-utc-scaled-1-1536x1024.webp 1536w, https:\/\/tuncerelektrik.com\/wp-content\/uploads\/2025\/06\/photovoltaic-panel-engineer-with-energy-measureme-2025-02-03-09-52-55-utc-scaled-1-2048x1366.webp 2048w, https:\/\/tuncerelektrik.com\/wp-content\/uploads\/2025\/06\/photovoltaic-panel-engineer-with-energy-measureme-2025-02-03-09-52-55-utc-scaled-1-18x12.webp 18w, https:\/\/tuncerelektrik.com\/wp-content\/uploads\/2025\/06\/photovoltaic-panel-engineer-with-energy-measureme-2025-02-03-09-52-55-utc-scaled-1-736x491.webp 736w, https:\/\/tuncerelektrik.com\/wp-content\/uploads\/2025\/06\/photovoltaic-panel-engineer-with-energy-measureme-2025-02-03-09-52-55-utc-scaled-1-1320x880.webp 1320w, https:\/\/tuncerelektrik.com\/wp-content\/uploads\/2025\/06\/photovoltaic-panel-engineer-with-energy-measureme-2025-02-03-09-52-55-utc-scaled-1-600x400.webp 600w\" sizes=\"(max-width: 2560px) 100vw, 2560px\" title=\"Taahh\u00fct\">\t\t\t\t\t\t<\/div>\r\n\t\t\t\t\t\t<div class=\"tt-obj__wrapper\">\r\n\t\t\t\t\t\t\t<div class=\"tt-obj__title\"><a href=\"https:\/\/tuncerelektrik.com\/en\/lectrician_services\/electrical-repairs\/\">Trafo ve M\u00fchendislik<\/a><\/div>\r\n\t\t\t\t\t\t\t<p>Elektrik Taahh\u00fct \u0130\u015flerimizden: Trafo Merkezi Kurulumu Beda\u015f &amp; Ayeda\u015f Abonelik \u0130\u015flemleri ile Tesisin Elektrik Proje \u00c7izimleri Konusunda Hizmeti vermekteyiz.\n<\/p>\r\n\t\t\t\t\t\t\t\t\t\t\t\t\t<\/div>\r\n\t\t\t\t\t<\/div>\r\n\t\t\t\t<\/div>\r\n\t\t\t\t\t\t\t\t\t<div class=\"col-sm-6 col-md-4 show filter-all\">\r\n\t\t\t\t\t<div class=\"tt-obj\">\r\n\t\t\t\t\t\t<div class=\"tt-obj__img\">\r\n\t\t\t\t\t\t<img loading=\"lazy\" decoding=\"async\" width=\"2560\" height=\"1707\" src=\"https:\/\/tuncerelektrik.com\/wp-content\/uploads\/2025\/06\/GettyImages-1681913304.webp\" class=\"attachment-full size-full\" alt=\"Taahh\u00fct\" srcset=\"https:\/\/tuncerelektrik.com\/wp-content\/uploads\/2025\/06\/GettyImages-1681913304.webp 2560w, https:\/\/tuncerelektrik.com\/wp-content\/uploads\/2025\/06\/GettyImages-1681913304-300x200.webp 300w, https:\/\/tuncerelektrik.com\/wp-content\/uploads\/2025\/06\/GettyImages-1681913304-1024x683.webp 1024w, https:\/\/tuncerelektrik.com\/wp-content\/uploads\/2025\/06\/GettyImages-1681913304-768x512.webp 768w, https:\/\/tuncerelektrik.com\/wp-content\/uploads\/2025\/06\/GettyImages-1681913304-1536x1024.webp 1536w, https:\/\/tuncerelektrik.com\/wp-content\/uploads\/2025\/06\/GettyImages-1681913304-2048x1366.webp 2048w, https:\/\/tuncerelektrik.com\/wp-content\/uploads\/2025\/06\/GettyImages-1681913304-18x12.webp 18w, https:\/\/tuncerelektrik.com\/wp-content\/uploads\/2025\/06\/GettyImages-1681913304-736x491.webp 736w, https:\/\/tuncerelektrik.com\/wp-content\/uploads\/2025\/06\/GettyImages-1681913304-1320x880.webp 1320w, https:\/\/tuncerelektrik.com\/wp-content\/uploads\/2025\/06\/GettyImages-1681913304-600x400.webp 600w\" sizes=\"(max-width: 2560px) 100vw, 2560px\" title=\"Taahh\u00fct\">\t\t\t\t\t\t<\/div>\r\n\t\t\t\t\t\t<div class=\"tt-obj__wrapper\">\r\n\t\t\t\t\t\t\t<div class=\"tt-obj__title\"><a href=\"https:\/\/tuncerelektrik.com\/en\/lectrician_services\/electrical-repairs\/\">G\u00fcne\u015f Enerjisi Sistemleri (Solar Panel Kurulumu)<\/a><\/div>\r\n\t\t\t\t\t\t\t<p>Yenilenebilir enerjiye ge\u00e7i\u015f yapmak isteyen m\u00fc\u015fterilerimiz i\u00e7in anahtar teslim g\u00fcne\u015f paneli sistemleri sunuyoruz. \u00c7at\u0131 \u00fcst\u00fc sistemlerden tar\u0131msal alanlara kadar \u00e7e\u015fitli \u00e7\u00f6z\u00fcmler geli\u015ftiriyoruz.\n<\/p>\r\n\t\t\t\t\t\t\t\t\t\t\t\t\t<\/div>\r\n\t\t\t\t\t<\/div>\r\n\t\t\t\t<\/div>\r\n\t\t\t\t\t\t\t\t\t<div class=\"col-sm-6 col-md-4 show filter-all\">\r\n\t\t\t\t\t<div class=\"tt-obj\">\r\n\t\t\t\t\t\t<div class=\"tt-obj__img\">\r\n\t\t\t\t\t\t<img loading=\"lazy\" decoding=\"async\" width=\"1024\" height=\"683\" src=\"https:\/\/tuncerelektrik.com\/wp-content\/uploads\/2025\/06\/energy-pylons_getty-1024x683-1.jpg\" class=\"attachment-full size-full\" alt=\"Taahh\u00fct\" srcset=\"https:\/\/tuncerelektrik.com\/wp-content\/uploads\/2025\/06\/energy-pylons_getty-1024x683-1.jpg 1024w, https:\/\/tuncerelektrik.com\/wp-content\/uploads\/2025\/06\/energy-pylons_getty-1024x683-1-300x200.jpg 300w, https:\/\/tuncerelektrik.com\/wp-content\/uploads\/2025\/06\/energy-pylons_getty-1024x683-1-768x512.jpg 768w, https:\/\/tuncerelektrik.com\/wp-content\/uploads\/2025\/06\/energy-pylons_getty-1024x683-1-18x12.jpg 18w, https:\/\/tuncerelektrik.com\/wp-content\/uploads\/2025\/06\/energy-pylons_getty-1024x683-1-736x491.jpg 736w, https:\/\/tuncerelektrik.com\/wp-content\/uploads\/2025\/06\/energy-pylons_getty-1024x683-1-600x400.jpg 600w\" sizes=\"(max-width: 1024px) 100vw, 1024px\" title=\"Taahh\u00fct\">\t\t\t\t\t\t<\/div>\r\n\t\t\t\t\t\t<div class=\"tt-obj__wrapper\">\r\n\t\t\t\t\t\t\t<div class=\"tt-obj__title\"><a href=\"https:\/\/tuncerelektrik.com\/en\/lectrician_services\/electrical-repairs\/\">Enerji Dan\u0131\u015fmanl\u0131\u011f\u0131<\/a><\/div>\r\n\t\t\t\t\t\t\t<p>T\u00fcketim analizi, verimlilik art\u0131r\u0131m\u0131 ve s\u00fcrd\u00fcr\u00fclebilir enerji yat\u0131r\u0131mlar\u0131 konusunda dan\u0131\u015fmanl\u0131k hizmeti veriyoruz.\n\n<\/p>\r\n\t\t\t\t\t\t\t\t\t\t\t\t\t<\/div>\r\n\t\t\t\t\t<\/div>\r\n\t\t\t\t<\/div>\r\n\t\t\t\t\t\t\t\t<\/div>\r\n\t\t\t<div class=\"text-center tt-top-more02\">\r\n\t\t\t\t\t\t\t<a href=\"#\" data-toggle=\"modal\" data-target=\"#modalMakeAppointment\" class=\"tt-btn btn__color01\">\r\n\t\t\t\t\t\t\t\t\t\t\t<span class=\"icon-lightning\"><\/span>\r\n\t\t\t\t\t\t\t\t\t\t\t\t\t<\/a>\r\n\t\t\t<\/div>\r\n\t\t<\/div>\r\n\t<\/div>\r\n\t\t\t\t\t\t\t\t<\/div>\n\t\t\t\t<\/div>\n\t\t\t\t\t<\/div>\n\t\t<\/div>\n\t\t\t\t\t<\/div>\n\t\t<\/section>\n\t\t\t\t<section class=\"elementor-section elementor-top-section elementor-element elementor-element-9b3a09b elementor-section-stretched elementor-section-full_width elementor-section-height-default elementor-section-height-default\" data-id=\"9b3a09b\" data-element_type=\"section\" data-settings=\"{&quot;stretch_section&quot;:&quot;section-stretched&quot;}\">\n\t\t\t\t\t\t<div class=\"elementor-container elementor-column-gap-no\">\n\t\t\t\t\t<div class=\"elementor-column elementor-col-100 elementor-top-column elementor-element elementor-element-4f78a0f\" data-id=\"4f78a0f\" data-element_type=\"column\">\n\t\t\t<div class=\"elementor-widget-wrap elementor-element-populated\">\n\t\t\t\t\t\t<div class=\"elementor-element elementor-element-f6f82e4 elementor-widget elementor-widget-electrician_why_us\" data-id=\"f6f82e4\" data-element_type=\"widget\" data-widget_type=\"electrician_why_us.default\">\n\t\t\t\t<div class=\"elementor-widget-container\">\n\t\t\t\t\t \r\n<div class=\"section-indent\">\r\n  <div class=\"container container-lg-fluid\">\r\n\t<div class=\"layout01 layout01__revers layout01__single-img\">\r\n\t  <div class=\"layout01__bg-marker\">\r\n\t\t<img decoding=\"async\" width=\"125\" height=\"125\" src=\"https:\/\/tuncerelektrik.com\/wp-content\/uploads\/2020\/07\/bg_marker02.png\" class=\"attachment-full size-full\" alt=\"Taahh\u00fct\" srcset=\"https:\/\/tuncerelektrik.com\/wp-content\/uploads\/2020\/07\/bg_marker02.png 125w, https:\/\/tuncerelektrik.com\/wp-content\/uploads\/2020\/07\/bg_marker02-100x100.png 100w\" sizes=\"(max-width: 125px) 100vw, 125px\" title=\"Taahh\u00fct\">\t<\/div>\r\n\t  <div class=\"layout01__img\">\r\n\t\t<div class=\"tt-img-main\">\r\n\t\t<img loading=\"lazy\" decoding=\"async\" width=\"675\" height=\"494\" src=\"https:\/\/tuncerelektrik.com\/wp-content\/uploads\/2020\/07\/layout01-img06.jpg\" class=\"attachment-full size-full\" alt=\"Taahh\u00fct\" srcset=\"https:\/\/tuncerelektrik.com\/wp-content\/uploads\/2020\/07\/layout01-img06.jpg 675w, https:\/\/tuncerelektrik.com\/wp-content\/uploads\/2020\/07\/layout01-img06-600x439.jpg 600w, https:\/\/tuncerelektrik.com\/wp-content\/uploads\/2020\/07\/layout01-img06-300x220.jpg 300w, https:\/\/tuncerelektrik.com\/wp-content\/uploads\/2020\/07\/layout01-img06-671x491.jpg 671w\" sizes=\"(max-width: 675px) 100vw, 675px\" title=\"Taahh\u00fct\">\t\t<\/div>\r\n\t  <\/div>\r\n\t  <div class=\"layout01__content\">\r\n\t\t<div class=\"layout01__content-wrapper\">\r\n\t\t  <div class=\"section-title text-left\">\r\n\t\t\t<div class=\"section-title__01\">Uzmanl\u0131k ve G\u00fcven<\/div>\r\n\t\t\t<div class=\"section-title__02\">M\u00fchendislik yakla\u015f\u0131m\u0131yla g\u00fcvenilir \u00e7\u00f6z\u00fcmler<\/div>\r\n\t\t  <\/div>\r\n\t\t  <ul class=\"tt-list01\">\r\n\t\t\t<li>Deneyime dayal\u0131 g\u00fcvenilir hizmet<\/li>\n<li>Zaman\u0131nda ve sorunsuz teslim\n\n<\/li>\n<li>Kaliteli malzeme, modern \u00e7\u00f6z\u00fcmler\n\n<\/li><li>Her projeye \u00f6zel uygulamalar\t\t  <\/ul>\r\n\t\t<\/div>\r\n\t  <\/div>\r\n\t<\/div>\r\n  <\/div>\r\n<\/div> \r\n\t\t\t\t\t\t<\/div>\n\t\t\t\t<\/div>\n\t\t\t\t\t<\/div>\n\t\t<\/div>\n\t\t\t\t\t<\/div>\n\t\t<\/section>\n\t\t\t\t<\/div>","protected":false},"excerpt":{"rendered":"<p>G\u00fcvenilir Enerji \u00c7\u00f6z\u00fcmleri Gelece\u011fin Enerjisi Bug\u00fcnden Tuncer Elektrik M\u00fchendislik olarak, elektrik sekt\u00f6r\u00fcndeki geni\u015f tecr\u00fcbemizle bireysel ve kurumsal m\u00fc\u015fterilerimize kapsaml\u0131 \u00e7\u00f6z\u00fcmler sunuyoruz. Her biri alan\u0131nda uzman ekibimizle, elektrik taahh\u00fct i\u015flerinden t\u00fcm m\u00fchendislik i\u015flerine; g\u00fcvenlikten enerji verimlili\u011fine kadar t\u00fcm s\u00fcre\u00e7leri profesyonelce y\u00f6netiyoruz. M\u00fc\u015fterilerimizin ihtiya\u00e7lar\u0131na \u00f6zel \u00e7\u00f6z\u00fcmler geli\u015ftirerek, projeleri zaman\u0131nda ve eksiksiz tamamlamaya \u00f6zen g\u00f6steriyoruz. Hizmet Alanlar\u0131m\u0131z Elektrik [&hellip;]<\/p>","protected":false},"author":1,"featured_media":0,"parent":0,"menu_order":0,"comment_status":"closed","ping_status":"closed","template":"","meta":{"footnotes":""},"class_list":["post-1522","page","type-page","status-publish","hentry"],"jetpack_sharing_enabled":true,"_links":{"self":[{"href":"https:\/\/tuncerelektrik.com\/en\/wp-json\/wp\/v2\/pages\/1522","targetHints":{"allow":["GET"]}}],"collection":[{"href":"https:\/\/tuncerelektrik.com\/en\/wp-json\/wp\/v2\/pages"}],"about":[{"href":"https:\/\/tuncerelektrik.com\/en\/wp-json\/wp\/v2\/types\/page"}],"author":[{"embeddable":true,"href":"https:\/\/tuncerelektrik.com\/en\/wp-json\/wp\/v2\/users\/1"}],"replies":[{"embeddable":true,"href":"https:\/\/tuncerelektrik.com\/en\/wp-json\/wp\/v2\/comments?post=1522"}],"version-history":[{"count":0,"href":"https:\/\/tuncerelektrik.com\/en\/wp-json\/wp\/v2\/pages\/1522\/revisions"}],"wp:attachment":[{"href":"https:\/\/tuncerelektrik.com\/en\/wp-json\/wp\/v2\/media?parent=1522"}],"curies":[{"name":"wp","href":"https:\/\/api.w.org\/{rel}","templated":true}]}}