{"id":14,"date":"2016-11-12T05:58:27","date_gmt":"2016-11-12T05:58:27","guid":{"rendered":"http:\/\/localhost\/wp-themes\/electrician\/?page_id=14"},"modified":"2025-07-20T23:24:18","modified_gmt":"2025-07-20T23:24:18","slug":"iletisim","status":"publish","type":"page","link":"https:\/\/tuncerelektrik.com\/en\/iletisim\/","title":{"rendered":"\u0130leti\u015fim"},"content":{"rendered":"<div data-elementor-type=\"wp-page\" data-elementor-id=\"14\" class=\"elementor elementor-14\">\n\t\t\t\t\t\t<section class=\"elementor-section elementor-top-section elementor-element elementor-element-824edba elementor-section-stretched elementor-section-full_width elementor-section-height-default elementor-section-height-default\" data-id=\"824edba\" data-element_type=\"section\" data-settings=\"{&quot;stretch_section&quot;:&quot;section-stretched&quot;}\">\n\t\t\t\t\t\t<div class=\"elementor-container elementor-column-gap-no\">\n\t\t\t\t\t<div class=\"elementor-column elementor-col-100 elementor-top-column elementor-element elementor-element-b635ea2\" data-id=\"b635ea2\" data-element_type=\"column\">\n\t\t\t<div class=\"elementor-widget-wrap elementor-element-populated\">\n\t\t\t\t\t\t<div class=\"elementor-element elementor-element-0eb50e4 elementor-widget elementor-widget-text-editor\" data-id=\"0eb50e4\" data-element_type=\"widget\" data-widget_type=\"text-editor.default\">\n\t\t\t\t<div class=\"elementor-widget-container\">\n\t\t\t\t\t\t\t\t\t<div class=\"mapouter\">\n<div class=\"gmap_canvas\"><iframe id=\"gmap_canvas\" class=\"map-contact\" src=\"https:\/\/maps.google.com\/maps?q=tuncer elektrik esenler tem&t=&z=13&ie=UTF8&iwloc=&output=embed\"><\/iframe><\/div>\n<\/div>\t\t\t\t\t\t\t\t<\/div>\n\t\t\t\t<\/div>\n\t\t\t\t\t<\/div>\n\t\t<\/div>\n\t\t\t\t\t<\/div>\n\t\t<\/section>\n\t\t\t\t<section class=\"elementor-section elementor-top-section elementor-element elementor-element-d184240 elementor-section-stretched elementor-section-full_width elementor-section-height-default elementor-section-height-default\" data-id=\"d184240\" data-element_type=\"section\" data-settings=\"{&quot;stretch_section&quot;:&quot;section-stretched&quot;}\">\n\t\t\t\t\t\t<div class=\"elementor-container elementor-column-gap-no\">\n\t\t\t\t\t<div class=\"elementor-column elementor-col-100 elementor-top-column elementor-element elementor-element-e5199d1\" data-id=\"e5199d1\" data-element_type=\"column\">\n\t\t\t<div class=\"elementor-widget-wrap elementor-element-populated\">\n\t\t\t\t\t\t<div class=\"elementor-element elementor-element-8facb6e elementor-widget elementor-widget-electrician_contact_info\" data-id=\"8facb6e\" data-element_type=\"widget\" data-widget_type=\"electrician_contact_info.default\">\n\t\t\t\t<div class=\"elementor-widget-container\">\n\t\t\t\t\t <div class=\"section-indent-extra\">\r\n\t\t<div class=\"container container-lg-fluid\">\r\n\t\t\t<div class=\"section__wrapper02 tt-contact-wrapper\">\r\n\t\t\t\t<div class=\"row justify-content-center\">\r\n\t\t\t\t \t\t\t\t\t  <div class=\"col-sm-6 col-md-4\">\r\n  <div class=\"tt-contact\">\r\n\t<div class=\"tt-icon\">\r\n\t\t\t\t\t\t<i aria-hidden=\"true\" class=\"icon-map-marker\"><\/i>\t<\/div>\r\n\t<div class=\"tt-content\">\r\n\t  <div class=\"tt-title\">Ma\u011faza Merkez<\/div>\r\n\t\t\t\t\t\tTurgut Reis Mah. Karaosmano\u011flu Cad. No:84\/B Esenler \u0130stanbul\t\t\t\t\t\t\t<\/div>\r\n  <\/div>\r\n<\/div> \t\t\t\t\t  <div class=\"col-sm-6 col-md-4\">\r\n  <div class=\"tt-contact\">\r\n\t<div class=\"tt-icon\">\r\n\t\t\t\t\t\t<i aria-hidden=\"true\" class=\"icon-map-marker\"><\/i>\t<\/div>\r\n\t<div class=\"tt-content\">\r\n\t  <div class=\"tt-title\">Ofis<\/div>\r\n\t\t\t\t\t\tBah\u00e7e\u015fehir 2.K\u0131s\u0131m Mah. \u015eehit Ast. Furkan I\u015f\u0131k Blv. Tual \u00c7ar\u015f\u0131 B003 Ba\u015fak\u015fehir \u0130STANBUL\t<\/div>\r\n  <\/div>\r\n<\/div> \t\t\t\t\t  <div class=\"col-sm-6 col-md-4\">\r\n  <div class=\"tt-contact\">\r\n\t<div class=\"tt-icon\">\r\n\t\t\t\t\t\t<i aria-hidden=\"true\" class=\"icon-map-marker\"><\/i>\t<\/div>\r\n\t<div class=\"tt-content\">\r\n\t  <div class=\"tt-title\">Depo<\/div>\r\n\t\t\t\t\t\tOru\u00e7 Reis Mah. Vadi Caddesi<br>  No:170 Giyimkent Esenler \u0130stanbul\t<\/div>\r\n  <\/div>\r\n<\/div> \t\t\t\t\t  <div class=\"col-sm-6 col-md-4\">\r\n  <div class=\"tt-contact\">\r\n\t<div class=\"tt-icon\">\r\n\t\t\t\t\t\t<i aria-hidden=\"true\" class=\"icon-clock-circular-outline-1\"><\/i>\t<\/div>\r\n\t<div class=\"tt-content\">\r\n\t  <div class=\"tt-title\">\u00c7al\u0131\u015fma Saatleri:<\/div>\r\n\t\t\t\t\t\t Hafta \u0130\u00e7i - Cumartesi 08:00 - 18:30<br>\t<\/div>\r\n  <\/div>\r\n<\/div> \t\t\t\t\t  <div class=\"col-sm-6 col-md-4\">\r\n  <div class=\"tt-contact\">\r\n\t<div class=\"tt-icon\">\r\n\t\t\t\t\t\t<i aria-hidden=\"true\" class=\"icon-telephone\"><\/i>\t<\/div>\r\n\t<div class=\"tt-content\">\r\n\t  <div class=\"tt-title\">Telefon Numaras\u0131:<\/div>\r\n\t\t\t\t\t\t+90 212 431 17 54\t<\/div>\r\n  <\/div>\r\n<\/div>  \r\n\t\t\t\t\t\t\t\t\t\r\n\t\t\t\t<\/div>\r\n\t\t\t<\/div>\r\n\t\t<\/div>\r\n\t<\/div> \r\n\t\t\t\t\t\t<\/div>\n\t\t\t\t<\/div>\n\t\t\t\t\t<\/div>\n\t\t<\/div>\n\t\t\t\t\t<\/div>\n\t\t<\/section>\n\t\t\t\t<\/div>","protected":false},"excerpt":{"rendered":"<p>Ma\u011faza Merkez Turgut Reis Mah. Karaosmano\u011flu Cad. No:84\/B Esenler \u0130stanbul Ofis Bah\u00e7e\u015fehir 2.K\u0131s\u0131m Mah. \u015eehit Ast. Furkan I\u015f\u0131k Blv. Tual \u00c7ar\u015f\u0131 B003 Ba\u015fak\u015fehir \u0130STANBUL Depo Oru\u00e7 Reis Mah. Vadi Caddesi No:170 Giyimkent Esenler \u0130stanbul \u00c7al\u0131\u015fma Saatleri: Hafta \u0130\u00e7i \u2013 Cumartesi 08:00 \u2013 18:30 Telefon Numaras\u0131: +90 212 431 17 54<\/p>","protected":false},"author":1,"featured_media":0,"parent":0,"menu_order":0,"comment_status":"closed","ping_status":"closed","template":"","meta":{"footnotes":""},"class_list":["post-14","page","type-page","status-publish","hentry"],"jetpack_sharing_enabled":true,"_links":{"self":[{"href":"https:\/\/tuncerelektrik.com\/en\/wp-json\/wp\/v2\/pages\/14","targetHints":{"allow":["GET"]}}],"collection":[{"href":"https:\/\/tuncerelektrik.com\/en\/wp-json\/wp\/v2\/pages"}],"about":[{"href":"https:\/\/tuncerelektrik.com\/en\/wp-json\/wp\/v2\/types\/page"}],"author":[{"embeddable":true,"href":"https:\/\/tuncerelektrik.com\/en\/wp-json\/wp\/v2\/users\/1"}],"replies":[{"embeddable":true,"href":"https:\/\/tuncerelektrik.com\/en\/wp-json\/wp\/v2\/comments?post=14"}],"version-history":[{"count":0,"href":"https:\/\/tuncerelektrik.com\/en\/wp-json\/wp\/v2\/pages\/14\/revisions"}],"wp:attachment":[{"href":"https:\/\/tuncerelektrik.com\/en\/wp-json\/wp\/v2\/media?parent=14"}],"curies":[{"name":"wp","href":"https:\/\/api.w.org\/{rel}","templated":true}]}}